{"id":53238,"date":"2020-04-16T14:27:04","date_gmt":"2020-04-16T11:27:04","guid":{"rendered":"https:\/\/www.medbeach.com\/?page_id=53238"},"modified":"2021-10-18T15:36:56","modified_gmt":"2021-10-18T12:36:56","slug":"covid-19-updates","status":"publish","type":"page","link":"https:\/\/www.medbeach.com\/de\/covid-19-updates\/","title":{"rendered":"POST COVID-19"},"content":{"rendered":"<h4>SICHER IN UNSEREN H\u00c4NDEN<\/h4>\n<p>Die Gesundheit und das Wohlergehen unserer G\u00e4ste und Teammitglieder hat f\u00fcr uns in den Stademos Hotels h\u00f6chste Priorit\u00e4t. W\u00e4hrend der Coronapandemie haben wir gewissenhaft alle Gesundheits- und Sicherheitsma\u00dfnahmen gem\u00e4\u00df den Empfehlungen, Richtlinien und Verfahren des zypriotischen Gesundheitsministeriums und der Weltgesundheitsorganisation umgesetzt, um zu garantieren, dass unsere G\u00e4ste IN UNSEREN H\u00c4NDEN SICHER sind.<br \/>\nDiese Ma\u00dfnahmen umfassen unter anderem Folgendes:<\/p>\n<ul>\n<li>die Installation eines W\u00e4rmescanners am Hoteleingang, um die K\u00f6rpertemperatur der G\u00e4ste beim Check-in zu messen<\/li>\n<li>alle Teammitglieder m\u00fcssen bei der Arbeit OP-Masken tragen<\/li>\n<li>an den wichtigsten Stellen im und um das Hotel sowie in \u00f6ffentlichen Bereichen wurden Desinfektionsmittelspender aufgestellt bzw. angebracht<\/li>\n<li>alle Aufz\u00fcge und \u00f6ffentlichen Bereiche werden regelm\u00e4\u00dfig mit Reinigungsmitteln desinfiziert, die nachweislich wirksam gegen Viren und Bakterien sind<\/li>\n<li>f\u00fcr alle Gep\u00e4ckst\u00fccke wird eine Gep\u00e4ckdesinfektion angeboten, bevor sie auf die Zimmer der G\u00e4ste gebracht werden<\/li>\n<li>die Zimmer werden vor der Ankunft neuer G\u00e4ste gr\u00fcndlich gereinigt, desinfiziert und gel\u00fcftet<\/li>\n<li>in allen Hotelrestaurants und -bars werden die aktuell geltenden Auslastungsgrenzen sowie strikte Hygienema\u00dfnahmen einhalten. Das umfasst unter anderem das Tragen von Masken und Handschuhen durch das Personal, das Einhalten von Mindestabst\u00e4nden zwischen den Tischen, digitale Speisekarten und das regelm\u00e4\u00dfige Desinfizieren aller Ber\u00fchrungspunkte<\/li>\n<\/ul>\n<p>Weitere Details zu den ganzen Sonderma\u00dfnahmen, die wir eingef\u00fchrt haben, finden Sie in den Corona-Gesundheits- und Sicherheitsstandards <a href=\"https:\/\/www.medbeach.com\/wp-content\/uploads\/2020\/06\/medbeach-post-covid-19-health-safety-measures.pdf\" target=\"_blank\" rel=\"noopener noreferrer\">hier<\/a>.<\/p>\n<p>Wir hoffen, dass diese Ma\u00dfnahmen dazu beitragen werden, Sie zu beruhigen, damit Sie Ihren Urlaub entspannt und sorgenfrei genie\u00dfen k\u00f6nnen \u2013 so, wie Sie es gewohnt sind. Zwar haben sich die Umst\u00e4nde seit Ihrem letzten Besuch ge\u00e4ndert, aber wir erwarten Sie dennoch in einer Umgebung, die ebenso einladend und inspirierend wie sicher ist.<\/p>\n<p>Um sich \u00fcber die neuesten Reiseregeln f\u00fcr Zypern zu informieren, gehen Sie bitte auf die Website des Staatssekretariats f\u00fcr Tourismus\u00a0<a href=\"https:\/\/www.visitcyprus.com\/index.php\/en\/news\/774-covid19-travel-protocol\" target=\"_blank\" rel=\"noopener noreferrer\">hier<\/a>.<\/p>\n<p>Wir freuen uns darauf, Sie alle schon sehr bald begr\u00fc\u00dfen zu k\u00f6nnen, um Ihnen neue unvergessliche Erlebnisse und Erinnerungen zu schenken.<\/p>\n","protected":false},"excerpt":{"rendered":"<p>SICHER IN UNSEREN H\u00c4NDEN Die Gesundheit und das Wohlergehen unserer G\u00e4ste und Teammitglieder hat f\u00fcr uns in den Stademos Hotels h\u00f6chste Priorit\u00e4t. W\u00e4hrend der Coronapandemie haben wir gewissenhaft alle Gesundheits- und Sicherheitsma\u00dfnahmen gem\u00e4\u00df den Empfehlungen, Richtlinien und Verfahren des zypriotischen Gesundheitsministeriums und der Weltgesundheitsorganisation umgesetzt, um zu garantieren, dass unsere G\u00e4ste IN UNSEREN H\u00c4NDEN SICHER [&hellip;]<\/p>\n","protected":false},"author":1,"featured_media":0,"parent":0,"menu_order":9,"comment_status":"closed","ping_status":"closed","template":"templates\/weddings.php","meta":{"_acf_changed":false,"footnotes":"","_wp_rev_ctl_limit":""},"class_list":["post-53238","page","type-page","status-publish","hentry"],"acf":[],"_links":{"self":[{"href":"https:\/\/www.medbeach.com\/de\/wp-json\/wp\/v2\/pages\/53238","targetHints":{"allow":["GET"]}}],"collection":[{"href":"https:\/\/www.medbeach.com\/de\/wp-json\/wp\/v2\/pages"}],"about":[{"href":"https:\/\/www.medbeach.com\/de\/wp-json\/wp\/v2\/types\/page"}],"author":[{"embeddable":true,"href":"https:\/\/www.medbeach.com\/de\/wp-json\/wp\/v2\/users\/1"}],"replies":[{"embeddable":true,"href":"https:\/\/www.medbeach.com\/de\/wp-json\/wp\/v2\/comments?post=53238"}],"version-history":[{"count":5,"href":"https:\/\/www.medbeach.com\/de\/wp-json\/wp\/v2\/pages\/53238\/revisions"}],"predecessor-version":[{"id":63440,"href":"https:\/\/www.medbeach.com\/de\/wp-json\/wp\/v2\/pages\/53238\/revisions\/63440"}],"wp:attachment":[{"href":"https:\/\/www.medbeach.com\/de\/wp-json\/wp\/v2\/media?parent=53238"}],"curies":[{"name":"wp","href":"https:\/\/api.w.org\/{rel}","templated":true}]}}