{"id":52902,"date":"2020-03-20T14:11:48","date_gmt":"2020-03-20T12:11:48","guid":{"rendered":"https:\/\/www.medbeach.com\/?page_id=52902"},"modified":"2021-02-11T16:31:32","modified_gmt":"2021-02-11T14:31:32","slug":"cleaning-protocols","status":"publish","type":"page","link":"https:\/\/www.medbeach.com\/de\/cleaning-protocols\/","title":{"rendered":"Reinigungsprotokolle"},"content":{"rendered":"<p><b>Stademos Hotels <\/b> <b>Erkl\u00e4rung zu Reinigungsprotokollen<\/b><\/p>\n<p>Wir nehmen Standards f\u00fcr Hygiene und Sauberkeit sehr ernst und ergreifen Ma\u00dfnahmen, um die Sicherheit unserer G\u00e4ste und Mitarbeiter zu gew\u00e4hrleisten. Das Unternehmen hat die Erkl\u00e4rungen der Weltgesundheitsorganisation bez\u00fcglich des Coronavirus (COVID-19) sehr genau verfolgt. Unsere Hotels arbeiten t\u00e4glich daran sicherzustellen, dass die neuesten Richtlinien zu Hygiene und Reinigung erf\u00fcllt werden. Die Gesundheits- und Sicherheitsma\u00dfnahmen unserer Hotels sind so ausgelegt, dass sie ein breites Spektrum von Viren, einschlie\u00dflich COVID-19, bek\u00e4mpfen, und schlie\u00dfen von der Hygiene beim H\u00e4ndewaschen bis hin zu den Reinigungsproduktspezifikationen f\u00fcr die Reinigung von G\u00e4stezimmern und Gemeinschaftsr\u00e4umen alles ein. Zu den konkreten Schritten, die Stademos Hotels unternimmt, geh\u00f6ren:<\/p>\n<p><b>Gesundheit, Sicherheit und Wissen der Mitarbeiter:\u00a0<\/b> Hotelmitarbeiter \u2013 und deren eigene Gesundheit, Sicherheit und Wissen \u2013 sind sehr wichtig f\u00fcr ein effektives Reinigungsprogramm. Hier sind einige Ma\u00dfnahmen, wie wir sie unterst\u00fctzen k\u00f6nnen:<\/p>\n<ul>\n<li><b>Handhygiene<\/b>: Richtiges und h\u00e4ufiges H\u00e4ndewaschen ist entscheidend, um die Verbreitung von Viren zu bek\u00e4mpfen. In unseren t\u00e4glichen Meetings werden unsere Teams daran erinnert, dass Sauberkeit mit dieser einfachen Handlung beginnt. Dies ist sehr wichtig f\u00fcr ihre eigene Gesundheit und die Gesundheit unserer G\u00e4ste.<\/li>\n<li><b>Laufende Schulungen:<\/b>Zus\u00e4tzlich zu den Schulungen \u00fcber Hauswirtschafts- und Hygieneprotokolle nehmen die Hotelmitarbeiter auch an verbesserten COVID-19-Bewusstseinsschulungen teil.<\/li>\n<\/ul>\n<p><b>Reinigungsprodukte und Protokolle:<\/b> Wir arbeiten mit unseren Partnern und Lieferanten zusammen, um sicherzustellen, dass unsere Hotels von der zypriotischen Gesundheitsbeh\u00f6rde zugelassene virent\u00f6tende Produkte sowie die f\u00fcr ihren Einsatz erforderliche Schutzausr\u00fcstung beschaffen und verwenden k\u00f6nnen. Unsere Hotels verwenden Reinigungsprodukte und Protokolle, die wirksam gegen Viren sind, das hei\u00dft:<\/p>\n<ul>\n<li><b>G\u00e4stezimmer:<\/b> Hotels wenden Reinigungs- und Desinfektionsprotokolle f\u00fcr die Reinigung der Zimmer nach der Abreise der G\u00e4ste und vor der Ankunft der n\u00e4chsten G\u00e4ste an und ber\u00fccksichtigen dabei besonders Gegenst\u00e4nde mit hohem Ber\u00fchrungswert.<\/li>\n<li><b>\u00d6ffentliche R\u00e4ume: <\/b>Hotels haben die H\u00e4ufigkeit der Reinigung und Desinfektion in \u00f6ffentlichen Bereichen erh\u00f6ht, mit Schwerpunkt auf dem Rezeptionsschalter, den Fahrst\u00fchlen (und Fahrstuhlkn\u00f6pfen), T\u00fcrgriffen, \u00f6ffentlichen Toiletten und sogar Zimmerschl\u00fcsseln.<\/li>\n<li><b>R\u00fcckseite des Hauses: <\/b>In den R\u00e4umen, in denen die Mitarbeiter \u201ehinter den Kulissen\u201c arbeiten, erh\u00f6hen die Hotels die H\u00e4ufigkeit der Reinigung und konzentrieren sich auf Bereiche mit erh\u00f6hten Ber\u00fchrungspunkten wie die Eing\u00e4nge der Mitarbeiter, Umkleider\u00e4ume, Waschk\u00fcchen und Mitarbeiterb\u00fcros.<\/li>\n<\/ul>\n","protected":false},"excerpt":{"rendered":"<p>Stademos Hotels Erkl\u00e4rung zu Reinigungsprotokollen Wir nehmen Standards f\u00fcr Hygiene und Sauberkeit sehr ernst und ergreifen Ma\u00dfnahmen, um die Sicherheit unserer G\u00e4ste und Mitarbeiter zu gew\u00e4hrleisten. Das Unternehmen hat die Erkl\u00e4rungen der Weltgesundheitsorganisation bez\u00fcglich des Coronavirus (COVID-19) sehr genau verfolgt. Unsere Hotels arbeiten t\u00e4glich daran sicherzustellen, dass die neuesten Richtlinien zu Hygiene und Reinigung erf\u00fcllt [&hellip;]<\/p>\n","protected":false},"author":1,"featured_media":0,"parent":0,"menu_order":16,"comment_status":"closed","ping_status":"closed","template":"templates\/weddings.php","meta":{"_acf_changed":false,"footnotes":"","_wp_rev_ctl_limit":""},"class_list":["post-52902","page","type-page","status-publish","hentry"],"acf":[],"_links":{"self":[{"href":"https:\/\/www.medbeach.com\/de\/wp-json\/wp\/v2\/pages\/52902","targetHints":{"allow":["GET"]}}],"collection":[{"href":"https:\/\/www.medbeach.com\/de\/wp-json\/wp\/v2\/pages"}],"about":[{"href":"https:\/\/www.medbeach.com\/de\/wp-json\/wp\/v2\/types\/page"}],"author":[{"embeddable":true,"href":"https:\/\/www.medbeach.com\/de\/wp-json\/wp\/v2\/users\/1"}],"replies":[{"embeddable":true,"href":"https:\/\/www.medbeach.com\/de\/wp-json\/wp\/v2\/comments?post=52902"}],"version-history":[{"count":5,"href":"https:\/\/www.medbeach.com\/de\/wp-json\/wp\/v2\/pages\/52902\/revisions"}],"predecessor-version":[{"id":60137,"href":"https:\/\/www.medbeach.com\/de\/wp-json\/wp\/v2\/pages\/52902\/revisions\/60137"}],"wp:attachment":[{"href":"https:\/\/www.medbeach.com\/de\/wp-json\/wp\/v2\/media?parent=52902"}],"curies":[{"name":"wp","href":"https:\/\/api.w.org\/{rel}","templated":true}]}}